{"id":964,"date":"2026-03-17T21:35:55","date_gmt":"2026-03-17T20:35:55","guid":{"rendered":"https:\/\/www.schwimmclub-alsdorfhoengen.de\/?page_id=964"},"modified":"2026-03-18T10:44:01","modified_gmt":"2026-03-18T09:44:01","slug":"homepage","status":"publish","type":"page","link":"https:\/\/www.schwimmclub-alsdorfhoengen.de\/","title":{"rendered":""},"content":{"rendered":"\t\t<div data-elementor-type=\"wp-post\" data-elementor-id=\"964\" class=\"elementor elementor-964\">\n\t\t\t\t<div class=\"elementor-element elementor-element-6da4f7b e-flex e-con-boxed e-con e-parent\" data-id=\"6da4f7b\" data-element_type=\"container\" data-e-type=\"container\" data-settings=\"{&quot;background_background&quot;:&quot;classic&quot;}\">\n\t\t\t\t\t<div class=\"e-con-inner\">\n\t\t\t\t<div class=\"elementor-element elementor-element-aa243f3 elementor-widget elementor-widget-text-editor\" data-id=\"aa243f3\" data-element_type=\"widget\" data-e-type=\"widget\" data-widget_type=\"text-editor.default\">\n\t\t\t\t\t\t\t\t\t<blockquote><h5 class=\"p1\">Willkommen beim SCAH!<\/h5><h5 class=\"p1\">Bei uns steht die Freude am Wasser im Mittelpunkt \u2013 egal ob Anf\u00e4nger, Freizeit- oder Leistungsschwimmer. Wir bieten Training f\u00fcr alle Altersgruppen, f\u00f6rdern Teamgeist und unterst\u00fctzen jeden dabei, seine Ziele im und am Wasser zu erreichen.<\/h5><h5 class=\"p1\">Ob Schwimmen lernen, Technik verbessern oder Wettk\u00e4mpfe bestreiten \u2013 bei uns bist du genau richtig. Werde Teil unserer Gemeinschaft und tauche ein!<\/h5><\/blockquote>\t\t\t\t\t\t\t\t<\/div>\n\t\t\t\t\t<\/div>\n\t\t\t\t<\/div>\n\t\t<div class=\"elementor-element elementor-element-4114d43 e-flex e-con-boxed e-con e-parent\" data-id=\"4114d43\" data-element_type=\"container\" data-e-type=\"container\">\n\t\t\t\t\t<div class=\"e-con-inner\">\n\t\t\t\t<div class=\"elementor-element elementor-element-658bfd5 elementor-widget elementor-widget-spacer\" data-id=\"658bfd5\" data-element_type=\"widget\" data-e-type=\"widget\" data-widget_type=\"spacer.default\">\n\t\t\t\t\t\t\t<div class=\"elementor-spacer\">\n\t\t\t<div class=\"elementor-spacer-inner\"><\/div>\n\t\t<\/div>\n\t\t\t\t\t\t<\/div>\n\t\t\t\t<div class=\"elementor-element elementor-element-8b9471d elementor-widget elementor-widget-eael-post-timeline\" data-id=\"8b9471d\" data-element_type=\"widget\" data-e-type=\"widget\" data-widget_type=\"eael-post-timeline.default\">\n\t\t\t\t\t<div id=\"eael-post-timeline-8b9471d\" class=\"eael-post-timeline timeline-layout-default eael-post-timeline-arrow-\">\n            <div class=\"eael-post-timeline eael-post-appender eael-post-appender-8b9471d\"><article class=\"eael-timeline-post eael-timeline-column\">\n    <div class=\"eael-timeline-bullet\"><\/div>\n    <div class=\"eael-timeline-post-inner\">\n        <a class=\"eael-timeline-post-link\" href=\"https:\/\/www.schwimmclub-alsdorfhoengen.de\/?p=953\" title=\"Karnevalstage\">\n            <time datetime=\"28. Januar 2026\">28. Januar 2026<\/time>\n            <div class=\"eael-timeline-post-image  attachment-medium size-medium\" style=\"background-image: url(https:\/\/www.schwimmclub-alsdorfhoengen.de\/wp-content\/uploads\/2026\/01\/7f9698e4-7130-45e6-b2ef-5cb4eb8a8990-300x226.webp);\"><\/div><div class=\"eael-timeline-post-excerpt\"><p>An den Karnevalstagen wird kein Training stattfinden.<\/p><\/div><div class=\"eael-timeline-post-title\">\n                    <h1 class=\"eael-timeline-post-title-text\">Karnevalstage<\/h1>\n                <\/div><\/a>\n    <\/div>\n<\/article><article class=\"eael-timeline-post eael-timeline-column\">\n    <div class=\"eael-timeline-bullet\"><\/div>\n    <div class=\"eael-timeline-post-inner\">\n        <a class=\"eael-timeline-post-link\" href=\"https:\/\/www.schwimmclub-alsdorfhoengen.de\/?p=937\" title=\"Weihnachtsferien 2025\">\n            <time datetime=\"14. Dezember 2025\">14. Dezember 2025<\/time>\n            <div class=\"eael-timeline-post-image  attachment-medium size-medium\" style=\"background-image: url(https:\/\/www.schwimmclub-alsdorfhoengen.de\/wp-content\/uploads\/2021\/11\/cropped-Logo-300x300.jpg);\"><\/div><div class=\"eael-timeline-post-excerpt\"><p>Liebe Schwimmfreunde, in diesem Jahr finden die letzten Trainingstermine am Montag, 15.12.25\u00a0und...<\/p><\/div><div class=\"eael-timeline-post-title\">\n                    <h1 class=\"eael-timeline-post-title-text\">Weihnachtsferien 2025<\/h1>\n                <\/div><\/a>\n    <\/div>\n<\/article><article class=\"eael-timeline-post eael-timeline-column\">\n    <div class=\"eael-timeline-bullet\"><\/div>\n    <div class=\"eael-timeline-post-inner\">\n        <a class=\"eael-timeline-post-link\" href=\"https:\/\/www.schwimmclub-alsdorfhoengen.de\/?p=929\" title=\"Verein wird fortgef\u00fchrt!\">\n            <time datetime=\"30. November 2025\">30. November 2025<\/time>\n            <div class=\"eael-timeline-post-image  attachment-medium size-medium\" style=\"background-image: url();\"><\/div><div class=\"eael-timeline-post-excerpt\"><p>Liebe Schwimmfreunde, in der au\u00dferordentlichen Mitgliederversammlung vom 28.11.25 wurde ein neuer gesch\u00e4ftsf\u00fchrender...<\/p><\/div><div class=\"eael-timeline-post-title\">\n                    <h1 class=\"eael-timeline-post-title-text\">Verein wird fortgef\u00fchrt!<\/h1>\n                <\/div><\/a>\n    <\/div>\n<\/article><article class=\"eael-timeline-post eael-timeline-column\">\n    <div class=\"eael-timeline-bullet\"><\/div>\n    <div class=\"eael-timeline-post-inner\">\n        <a class=\"eael-timeline-post-link\" href=\"https:\/\/www.schwimmclub-alsdorfhoengen.de\/?p=925\" title=\"Au\u00dferordentliche Mitgliederversammlung am 28.11.25 &#8211; kein Training!\">\n            <time datetime=\"24. November 2025\">24. November 2025<\/time>\n            <div class=\"eael-timeline-post-image  attachment-medium size-medium\" style=\"background-image: url();\"><\/div><div class=\"eael-timeline-post-excerpt\"><p>Sehr geehrte Damen und Herren, liebe Schwimmfreunde, gem\u00e4\u00df \u00a79 Abs. 1a) der...<\/p><\/div><div class=\"eael-timeline-post-title\">\n                    <h1 class=\"eael-timeline-post-title-text\">Au\u00dferordentliche Mitgliederversammlung am 28.11.25 &#8211; kein Training!<\/h1>\n                <\/div><\/a>\n    <\/div>\n<\/article><\/div>\n\t\t<\/div>            <div class=\"eael-load-more-button-wrap eael-infinity-scroll\" data-offset=\"-200\">\n                <button class=\"eael-load-more-button\" id=\"eael-load-more-btn-8b9471d\" data-widget-id=\"8b9471d\" data-widget=\"8b9471d\" data-page-id=\"964\" data-template=\"{&quot;dir&quot;:&quot;lite&quot;,&quot;file_name&quot;:&quot;default.php&quot;,&quot;name&quot;:&quot;Post-Timeline&quot;}\" data-class=\"Essential_Addons_Elementor\\Elements\\Post_Timeline\" data-layout=\"\" data-page=\"1\" data-args=\"orderby=date&amp;order=desc&amp;ignore_sticky_posts=1&amp;post_status=publish&amp;posts_per_page=4&amp;offset=0&amp;post_type=post&amp;author__in%5B0%5D=1\" data-max-page=\"32\">\n                    <span class=\"eael-btn-loader button__loader\"><\/span>\n                    <span class=\"eael_load_more_text\"><\/span>\n                <\/button>\n            <\/div>\n            \t\t\t\t<\/div>\n\t\t\t\t\t<\/div>\n\t\t\t\t<\/div>\n\t\t<div class=\"elementor-element elementor-element-5dd64c0 e-flex e-con-boxed e-con e-parent\" data-id=\"5dd64c0\" data-element_type=\"container\" data-e-type=\"container\">\n\t\t\t\t\t<div class=\"e-con-inner\">\n\t\t\t\t\t<\/div>\n\t\t\t\t<\/div>\n\t\t\t\t<\/div>\n\t\t","protected":false},"excerpt":{"rendered":"<p>Willkommen beim SCAH! Bei uns steht die Freude am Wasser im Mittelpunkt \u2013 egal ob Anf\u00e4nger, Freizeit- oder Leistungsschwimmer. Wir bieten Training f\u00fcr alle Altersgruppen, f\u00f6rdern Teamgeist und unterst\u00fctzen jeden dabei, seine Ziele im und am Wasser zu erreichen. Ob Schwimmen lernen, Technik verbessern oder Wettk\u00e4mpfe bestreiten \u2013 bei uns bist du genau richtig. Werde [&hellip;]<\/p>\n","protected":false},"author":1,"featured_media":0,"parent":0,"menu_order":0,"comment_status":"closed","ping_status":"closed","template":"","meta":{"_eb_attr":"","footnotes":""},"class_list":["post-964","page","type-page","status-publish","hentry"],"_links":{"self":[{"href":"https:\/\/www.schwimmclub-alsdorfhoengen.de\/index.php?rest_route=\/wp\/v2\/pages\/964","targetHints":{"allow":["GET"]}}],"collection":[{"href":"https:\/\/www.schwimmclub-alsdorfhoengen.de\/index.php?rest_route=\/wp\/v2\/pages"}],"about":[{"href":"https:\/\/www.schwimmclub-alsdorfhoengen.de\/index.php?rest_route=\/wp\/v2\/types\/page"}],"author":[{"embeddable":true,"href":"https:\/\/www.schwimmclub-alsdorfhoengen.de\/index.php?rest_route=\/wp\/v2\/users\/1"}],"replies":[{"embeddable":true,"href":"https:\/\/www.schwimmclub-alsdorfhoengen.de\/index.php?rest_route=%2Fwp%2Fv2%2Fcomments&post=964"}],"version-history":[{"count":19,"href":"https:\/\/www.schwimmclub-alsdorfhoengen.de\/index.php?rest_route=\/wp\/v2\/pages\/964\/revisions"}],"predecessor-version":[{"id":1042,"href":"https:\/\/www.schwimmclub-alsdorfhoengen.de\/index.php?rest_route=\/wp\/v2\/pages\/964\/revisions\/1042"}],"wp:attachment":[{"href":"https:\/\/www.schwimmclub-alsdorfhoengen.de\/index.php?rest_route=%2Fwp%2Fv2%2Fmedia&parent=964"}],"curies":[{"name":"wp","href":"https:\/\/api.w.org\/{rel}","templated":true}]}}