{"id":9,"date":"2012-11-08T19:19:45","date_gmt":"2012-11-08T17:19:45","guid":{"rendered":"http:\/\/www.schwimmclub-alsdorfhoengen.de\/?page_id=9"},"modified":"2026-01-08T16:22:49","modified_gmt":"2026-01-08T15:22:49","slug":"bilder","status":"publish","type":"page","link":"http:\/\/www.schwimmclub-alsdorfhoengen.de\/?page_id=9","title":{"rendered":"Vorstellung"},"content":{"rendered":"<p>Wer sind wir? Auf dieser Seite m\u00f6chten wir uns kurz vorstellen&#8230;<\/p>\n<p><strong>1. Vorsitzender <\/strong>&#8211; Frank Scheftner<\/p>\n<p>&nbsp;<\/p>\n<p><strong>Gesch\u00e4ftsf\u00fchrerin<\/strong> &#8211; Iris Tuchenhagen<\/p>\n<p>&nbsp;<\/p>\n<p><strong>Trainerin<\/strong> \u2013 Celina Gonzalez<\/p>\n<p><a href=\"http:\/\/www.schwimmclub-alsdorfhoengen.de\/wp-content\/uploads\/2022\/03\/FullSizeRender-scaled.jpg\" rel=\"lightbox[9]\"><img fetchpriority=\"high\" decoding=\"async\" class=\"alignnone size-medium wp-image-753\" src=\"http:\/\/www.schwimmclub-alsdorfhoengen.de\/wp-content\/uploads\/2022\/03\/FullSizeRender-225x300.jpg\" alt=\"Celina Gonzalez\" width=\"225\" height=\"300\" srcset=\"http:\/\/www.schwimmclub-alsdorfhoengen.de\/wp-content\/uploads\/2022\/03\/FullSizeRender-225x300.jpg 225w, http:\/\/www.schwimmclub-alsdorfhoengen.de\/wp-content\/uploads\/2022\/03\/FullSizeRender-768x1024.jpg 768w, http:\/\/www.schwimmclub-alsdorfhoengen.de\/wp-content\/uploads\/2022\/03\/FullSizeRender-1152x1536.jpg 1152w, http:\/\/www.schwimmclub-alsdorfhoengen.de\/wp-content\/uploads\/2022\/03\/FullSizeRender-1536x2048.jpg 1536w, http:\/\/www.schwimmclub-alsdorfhoengen.de\/wp-content\/uploads\/2022\/03\/FullSizeRender-scaled.jpg 1920w\" sizes=\"(max-width: 225px) 100vw, 225px\" \/><\/a><\/p>\n<p><strong>Betreuerinnen\u00a0<\/strong><\/p>\n<p>Dr. med. Nadja Hin\u00fcber<\/p>\n<p><a href=\"http:\/\/www.schwimmclub-alsdorfhoengen.de\/wp-content\/uploads\/2022\/05\/Dr-med-nadja-hinueber-portrait-scaled.jpg\" rel=\"lightbox[9]\"><img decoding=\"async\" class=\"alignnone size-medium wp-image-780\" src=\"http:\/\/www.schwimmclub-alsdorfhoengen.de\/wp-content\/uploads\/2022\/05\/Dr-med-nadja-hinueber-portrait-225x300.jpg\" alt=\"Dr. med. Nadja Hin\u00fcber\" width=\"225\" height=\"300\" srcset=\"http:\/\/www.schwimmclub-alsdorfhoengen.de\/wp-content\/uploads\/2022\/05\/Dr-med-nadja-hinueber-portrait-225x300.jpg 225w, http:\/\/www.schwimmclub-alsdorfhoengen.de\/wp-content\/uploads\/2022\/05\/Dr-med-nadja-hinueber-portrait-768x1024.jpg 768w, http:\/\/www.schwimmclub-alsdorfhoengen.de\/wp-content\/uploads\/2022\/05\/Dr-med-nadja-hinueber-portrait-1152x1536.jpg 1152w, http:\/\/www.schwimmclub-alsdorfhoengen.de\/wp-content\/uploads\/2022\/05\/Dr-med-nadja-hinueber-portrait-1536x2048.jpg 1536w, http:\/\/www.schwimmclub-alsdorfhoengen.de\/wp-content\/uploads\/2022\/05\/Dr-med-nadja-hinueber-portrait-scaled.jpg 1920w\" sizes=\"(max-width: 225px) 100vw, 225px\" \/><\/a><\/p>\n<p>Dagmar Kersting-Wiechert<\/p>\n<p><a href=\"http:\/\/www.schwimmclub-alsdorfhoengen.de\/wp-content\/uploads\/2023\/08\/Dagmar-wiechert.jpg\" rel=\"lightbox[9]\"><img decoding=\"async\" class=\"alignnone wp-image-835 size-medium\" src=\"http:\/\/www.schwimmclub-alsdorfhoengen.de\/wp-content\/uploads\/2023\/08\/Dagmar-wiechert-238x300.jpg\" alt=\"\" width=\"238\" height=\"300\" srcset=\"http:\/\/www.schwimmclub-alsdorfhoengen.de\/wp-content\/uploads\/2023\/08\/Dagmar-wiechert-238x300.jpg 238w, http:\/\/www.schwimmclub-alsdorfhoengen.de\/wp-content\/uploads\/2023\/08\/Dagmar-wiechert.jpg 401w\" sizes=\"(max-width: 238px) 100vw, 238px\" \/><\/a><\/p>\n<p>Noemi Cerda-Gonzalez<\/p>\n<p><strong>Betreuer<\/strong><\/p>\n<p>Oscar Gorol<\/p>\n<p><a href=\"http:\/\/www.schwimmclub-alsdorfhoengen.de\/wp-content\/uploads\/2022\/03\/FullSizeRender-3-scaled.jpg\" rel=\"lightbox[9]\"><img loading=\"lazy\" decoding=\"async\" class=\"alignnone size-medium wp-image-750\" src=\"http:\/\/www.schwimmclub-alsdorfhoengen.de\/wp-content\/uploads\/2022\/03\/FullSizeRender-3-225x300.jpg\" alt=\"Oscar Gorol\" width=\"225\" height=\"300\" srcset=\"http:\/\/www.schwimmclub-alsdorfhoengen.de\/wp-content\/uploads\/2022\/03\/FullSizeRender-3-225x300.jpg 225w, http:\/\/www.schwimmclub-alsdorfhoengen.de\/wp-content\/uploads\/2022\/03\/FullSizeRender-3-768x1024.jpg 768w, http:\/\/www.schwimmclub-alsdorfhoengen.de\/wp-content\/uploads\/2022\/03\/FullSizeRender-3-1152x1536.jpg 1152w, http:\/\/www.schwimmclub-alsdorfhoengen.de\/wp-content\/uploads\/2022\/03\/FullSizeRender-3-1536x2048.jpg 1536w, http:\/\/www.schwimmclub-alsdorfhoengen.de\/wp-content\/uploads\/2022\/03\/FullSizeRender-3-scaled.jpg 1920w\" sizes=\"(max-width: 225px) 100vw, 225px\" \/><\/a><\/p>\n","protected":false},"excerpt":{"rendered":"<p>Wer sind wir? Auf dieser Seite m\u00f6chten wir uns kurz vorstellen&#8230; 1. Vorsitzender &#8211; Frank Scheftner &nbsp; Gesch\u00e4ftsf\u00fchrerin &#8211; Iris Tuchenhagen &nbsp; Trainerin \u2013 Celina Gonzalez Betreuerinnen\u00a0 Dr. med. Nadja Hin\u00fcber Dagmar Kersting-Wiechert Noemi Cerda-Gonzalez Betreuer Oscar Gorol<\/p>\n","protected":false},"author":1,"featured_media":0,"parent":0,"menu_order":2,"comment_status":"closed","ping_status":"closed","template":"","meta":{"_eb_attr":"","footnotes":""},"class_list":["post-9","page","type-page","status-publish","hentry"],"_links":{"self":[{"href":"http:\/\/www.schwimmclub-alsdorfhoengen.de\/index.php?rest_route=\/wp\/v2\/pages\/9","targetHints":{"allow":["GET"]}}],"collection":[{"href":"http:\/\/www.schwimmclub-alsdorfhoengen.de\/index.php?rest_route=\/wp\/v2\/pages"}],"about":[{"href":"http:\/\/www.schwimmclub-alsdorfhoengen.de\/index.php?rest_route=\/wp\/v2\/types\/page"}],"author":[{"embeddable":true,"href":"http:\/\/www.schwimmclub-alsdorfhoengen.de\/index.php?rest_route=\/wp\/v2\/users\/1"}],"replies":[{"embeddable":true,"href":"http:\/\/www.schwimmclub-alsdorfhoengen.de\/index.php?rest_route=%2Fwp%2Fv2%2Fcomments&post=9"}],"version-history":[{"count":37,"href":"http:\/\/www.schwimmclub-alsdorfhoengen.de\/index.php?rest_route=\/wp\/v2\/pages\/9\/revisions"}],"predecessor-version":[{"id":943,"href":"http:\/\/www.schwimmclub-alsdorfhoengen.de\/index.php?rest_route=\/wp\/v2\/pages\/9\/revisions\/943"}],"wp:attachment":[{"href":"http:\/\/www.schwimmclub-alsdorfhoengen.de\/index.php?rest_route=%2Fwp%2Fv2%2Fmedia&parent=9"}],"curies":[{"name":"wp","href":"https:\/\/api.w.org\/{rel}","templated":true}]}}